{"id":3,"date":"2024-05-23T12:54:05","date_gmt":"2024-05-23T12:54:05","guid":{"rendered":"https:\/\/ocean-ad-ventures.com\/?page_id=3"},"modified":"2025-12-05T11:08:58","modified_gmt":"2025-12-05T11:08:58","slug":"privacy-policy","status":"publish","type":"page","link":"https:\/\/ocean-ad-ventures.com\/de\/privacy-policy\/","title":{"rendered":"Datenschutzerkl\u00e4rung"},"content":{"rendered":"<div data-elementor-type=\"wp-page\" data-elementor-id=\"3\" class=\"elementor elementor-3\" data-elementor-post-type=\"page\">\n\t\t\t\t<div class=\"elementor-element elementor-element-ba8d7dc e-flex e-con-boxed e-con e-parent\" data-id=\"ba8d7dc\" data-element_type=\"container\" data-e-type=\"container\" data-settings=\"{&quot;background_background&quot;:&quot;classic&quot;}\">\n\t\t\t\t\t<div class=\"e-con-inner\">\n\t\t\t\t<div class=\"elementor-element elementor-element-3ad8d62 elementor-widget-tablet__width-inherit elementor-widget__width-initial elementor-headline--style-highlight elementor-widget elementor-widget-animated-headline\" data-id=\"3ad8d62\" data-element_type=\"widget\" data-e-type=\"widget\" data-settings=\"{&quot;highlighted_text&quot;:&quot;Privacy Policy&quot;,&quot;headline_style&quot;:&quot;highlight&quot;,&quot;marker&quot;:&quot;circle&quot;,&quot;loop&quot;:&quot;yes&quot;,&quot;highlight_animation_duration&quot;:1200,&quot;highlight_iteration_delay&quot;:8000}\" data-widget_type=\"animated-headline.default\">\n\t\t\t\t<div class=\"elementor-widget-container\">\n\t\t\t\t\t\t\t<h1 class=\"elementor-headline\">\n\t\t\t\t\t<span class=\"elementor-headline-plain-text elementor-headline-text-wrapper\">Impressum &amp; <\/span>\n\t\t\t\t<span class=\"elementor-headline-dynamic-wrapper elementor-headline-text-wrapper\">\n\t\t\t\t\t<span class=\"elementor-headline-dynamic-text elementor-headline-text-active\">Datenschutzerkl\u00e4rung<\/span>\n\t\t\t\t<\/span>\n\t\t\t\t<\/h1>\n\t\t\t\t\t\t<\/div>\n\t\t\t\t<\/div>\n\t\t\t\t\t<\/div>\n\t\t\t\t<\/div>\n\t\t<div class=\"elementor-element elementor-element-c7a482b e-flex e-con-boxed e-con e-parent\" data-id=\"c7a482b\" data-element_type=\"container\" data-e-type=\"container\">\n\t\t\t\t\t<div class=\"e-con-inner\">\n\t\t<div class=\"elementor-element elementor-element-1a98705 e-con-full e-flex e-con e-child\" data-id=\"1a98705\" data-element_type=\"container\" data-e-type=\"container\">\n\t\t\t\t<div class=\"elementor-element elementor-element-ded33c9 elementor-widget-tablet__width-inherit elementor-headline--style-highlight elementor-widget elementor-widget-animated-headline\" data-id=\"ded33c9\" data-element_type=\"widget\" data-e-type=\"widget\" data-settings=\"{&quot;highlighted_text&quot;:&quot;Ocean Ad-Ventures&quot;,&quot;headline_style&quot;:&quot;highlight&quot;,&quot;marker&quot;:&quot;circle&quot;,&quot;loop&quot;:&quot;yes&quot;,&quot;highlight_animation_duration&quot;:1200,&quot;highlight_iteration_delay&quot;:8000}\" data-widget_type=\"animated-headline.default\">\n\t\t\t\t<div class=\"elementor-widget-container\">\n\t\t\t\t\t\t\t<h2 class=\"elementor-headline\">\n\t\t\t\t\t<span class=\"elementor-headline-plain-text elementor-headline-text-wrapper\">Impressum<\/span>\n\t\t\t\t<span class=\"elementor-headline-dynamic-wrapper elementor-headline-text-wrapper\">\n\t\t\t\t\t<span class=\"elementor-headline-dynamic-text elementor-headline-text-active\">Ocean Ad-Ventures<\/span>\n\t\t\t\t<\/span>\n\t\t\t\t<\/h2>\n\t\t\t\t\t\t<\/div>\n\t\t\t\t<\/div>\n\t\t\t\t<\/div>\n\t\t\t\t<div class=\"elementor-element elementor-element-2e1b4ad elementor-widget elementor-widget-text-editor\" data-id=\"2e1b4ad\" data-element_type=\"widget\" data-e-type=\"widget\" data-widget_type=\"text-editor.default\">\n\t\t\t\t<div class=\"elementor-widget-container\">\n\t\t\t\t\t\t\t\t\t<h3>Ocean Ad Ventures LTD<\/h3><p>ABM Chambers<\/p><p>Columbus\u00a0 Center &#8211; Road Town<\/p><p>Torrtola, VG 1110<\/p><p>British Virgin Islands<\/p><p>Company number: BVI2083047<\/p><p>Phone: <a href=\"tel:34663644078\">+34 663644078<\/a>\u00a0<\/p><p>Mail: <a href=\"mailto:info@ocean-ad-ventures.com\">info@ocean-ad-ventures.com<\/a><\/p>\t\t\t\t\t\t\t\t<\/div>\n\t\t\t\t<\/div>\n\t\t\t\t<div class=\"elementor-element elementor-element-1f94038 elementor-widget-tablet__width-inherit elementor-headline--style-highlight elementor-widget elementor-widget-animated-headline\" data-id=\"1f94038\" data-element_type=\"widget\" data-e-type=\"widget\" data-settings=\"{&quot;highlighted_text&quot;:&quot;Policy&quot;,&quot;headline_style&quot;:&quot;highlight&quot;,&quot;marker&quot;:&quot;circle&quot;,&quot;loop&quot;:&quot;yes&quot;,&quot;highlight_animation_duration&quot;:1200,&quot;highlight_iteration_delay&quot;:8000}\" data-widget_type=\"animated-headline.default\">\n\t\t\t\t<div class=\"elementor-widget-container\">\n\t\t\t\t\t\t\t<h2 class=\"elementor-headline\">\n\t\t\t\t\t<span class=\"elementor-headline-plain-text elementor-headline-text-wrapper\">Privacy<\/span>\n\t\t\t\t<span class=\"elementor-headline-dynamic-wrapper elementor-headline-text-wrapper\">\n\t\t\t\t\t<span class=\"elementor-headline-dynamic-text elementor-headline-text-active\">Richtlinien<\/span>\n\t\t\t\t<\/span>\n\t\t\t\t<\/h2>\n\t\t\t\t\t\t<\/div>\n\t\t\t\t<\/div>\n\t\t\t\t<div class=\"elementor-element elementor-element-cd38aff elementor-widget elementor-widget-text-editor\" data-id=\"cd38aff\" data-element_type=\"widget\" data-e-type=\"widget\" data-widget_type=\"text-editor.default\">\n\t\t\t\t<div class=\"elementor-widget-container\">\n\t\t\t\t\t\t\t\t\t<p>Diese Datenschutzerkl\u00e4rung (\u201eRichtlinie\u201c) soll dir helfen zu verstehen, wie <span style=\"color: #1765a8;\"><a style=\"color: #1765a8;\" href=\"https:\/\/ocean-ad-ventures.com\/de\/\">Ocean Ad-Ventures<\/a><\/span> die Daten sch\u00fctzt, die du uns zur Verf\u00fcgung stellst, wenn du unsere Website besuchst und nutzt. <span style=\"color: #1765a8;\"><a style=\"color: #1765a8;\" href=\"https:\/\/ocean-ad-ventures.com\/de\/\">https:\/\/ocean-ad-ventures.com<\/a><\/span>.<\/p><p>\u00a0<\/p><p>Wir behalten uns das Recht vor, diese Richtlinie jederzeit zu \u00e4ndern. \u00dcber entsprechende \u00c4nderungen wirst du umgehend informiert. Um sicherzustellen, dass du stets \u00fcber die aktuellen Anpassungen informiert bist, empfehlen wir dir, diese Seite regelm\u00e4\u00dfig zu besuchen.<\/p><h3>Welche Nutzerdaten wir erheben<\/h3><p>When you visit the website, we may collect the following data:<\/p><ul><li>Deine IP-Adresse.<\/li><li>Deine Kontaktdaten und E-Mail-Adresse.<\/li><li>Andere Informationen wie Interessen und Vorlieben.<\/li><li>Datenprofil bez\u00fcglich deines Online-Verhaltens auf unserer Website.<\/li><\/ul><h3>Warum wir deine Daten erheben<\/h3><p>Wir erheben deine Daten aus verschiedenen Gr\u00fcnden:<\/p><ul><li>Um deine Bed\u00fcrfnisse besser zu verstehen<\/li><li>Um unsere Dienstleistungen und Produkte zu verbessern<\/li><li>Um dir Werbe-E-Mails zu senden, die Informationen enthalten, die wir f\u00fcr dich interessant halten<\/li><li>Um dich zu kontaktieren und um an Umfragen teilzunehmen oder an anderen Arten von Marktforschung teilzunehmen<\/li><li>Um unsere Website basierend auf deinem Online-Verhalten und pers\u00f6nlichen Vorlieben anzupassen<\/li><\/ul><h3>Safeguarding and Securing the Data<\/h3><p>Ocean Ad Ventures verpflichtet sich, deine Daten zu sichern und vertraulich zu behandeln. Ocean Ad Ventures hat alles in seiner Macht Stehende unternommen, um Datendiebstahl, unbefugten Zugriff und Offenlegung zu verhindern, indem die neuesten Technologien und Software implementiert wurden, die uns dabei helfen, alle Informationen, die wir online sammeln, zu sch\u00fctzen.<\/p><h3>Unsere Cookie-Richtlinie<\/h3><p>Sobald du zustimmst, dass unsere Website Cookies verwendet, stimmst du auch der Nutzung der gesammelten Daten bez\u00fcglich deines Online-Verhaltens zu (z. B. Analyse des Web-Traffics, der Seiten, auf denen du am meisten Zeit verbringst, und der Websites, die du besuchst).<\/p><p>\u00a0<\/p><p>Die Daten, die wir durch die Verwendung von Cookies sammeln, werden genutzt, um unsere Website an deine Bed\u00fcrfnisse anzupassen. Nachdem wir die Daten f\u00fcr statistische Analysen verwendet haben, werden sie vollst\u00e4ndig aus unseren Systemen entfernt.<\/p><p>\u00a0<\/p><p>Please note that cookies don&#8217;t allow us to gain control of your computer in any way. They are strictly used to monitor which pages you find useful and which you do not so that we can provide a better experience for you. If you want to disable cookies, you can do it by accessing the settings of your internet browser.<\/p><h3>Links zu anderen Websites<\/h3><p>Unsere Website enth\u00e4lt Links, die zu anderen Websites f\u00fchren. Wenn du auf diese Links klickst, \u00fcbernimmt Ocean Ad Ventures keine Verantwortung f\u00fcr den Schutz deiner Daten und Privatsph\u00e4re. Der Besuch dieser Websites unterliegt nicht dieser Datenschutzerkl\u00e4rung. Achte darauf, die Datenschutzerkl\u00e4rung der Website zu lesen, zu der du von unserer Website weitergeleitet wirst.<\/p><h3>Einschr\u00e4nkung der Erhebung deiner personenbezogenen Daten<\/h3><p>Zu einem bestimmten Zeitpunkt m\u00f6chtest du m\u00f6glicherweise die Nutzung und Erhebung deiner personenbezogenen Daten einschr\u00e4nken. Dies kannst du erreichen, indem du Folgendes tust:<\/p><ul><li>Zu einem bestimmten Zeitpunkt m\u00f6chtest du m\u00f6glicherweise die Nutzung und Erhebung deiner personenbezogenen Daten einschr\u00e4nken. Dies kannst du erreichen, indem du Folgendes tust:<\/li><li>Wenn du die Formulare auf der Website ausf\u00fcllst, achte darauf, ob es ein Feld gibt, das du unbeachtet lassen kannst, wenn du deine pers\u00f6nlichen Informationen nicht preisgeben m\u00f6chtest.<\/li><\/ul><p>Wenn du bereits zugestimmt hast, deine Informationen mit uns zu teilen, kannst du uns gerne per E-Mail kontaktieren, und wir werden dies gerne f\u00fcr dich \u00e4ndern.<\/p>\t\t\t\t\t\t\t\t<\/div>\n\t\t\t\t<\/div>\n\t\t\t\t<div class=\"elementor-element elementor-element-1f1b60b elementor-widget-tablet__width-inherit elementor-hidden-desktop elementor-hidden-tablet elementor-hidden-mobile elementor-headline--style-highlight elementor-widget elementor-widget-animated-headline\" data-id=\"1f1b60b\" data-element_type=\"widget\" data-e-type=\"widget\" data-settings=\"{&quot;highlighted_text&quot;:&quot; Website&quot;,&quot;headline_style&quot;:&quot;highlight&quot;,&quot;marker&quot;:&quot;circle&quot;,&quot;loop&quot;:&quot;yes&quot;,&quot;highlight_animation_duration&quot;:1200,&quot;highlight_iteration_delay&quot;:8000}\" data-widget_type=\"animated-headline.default\">\n\t\t\t\t<div class=\"elementor-widget-container\">\n\t\t\t\t\t\t\t<h2 class=\"elementor-headline\">\n\t\t\t\t\t<span class=\"elementor-headline-plain-text elementor-headline-text-wrapper\">Gesch\u00e4ftsbedingungen<\/span>\n\t\t\t\t<span class=\"elementor-headline-dynamic-wrapper elementor-headline-text-wrapper\">\n\t\t\t\t\t<span class=\"elementor-headline-dynamic-text elementor-headline-text-active\"> Website<\/span>\n\t\t\t\t<\/span>\n\t\t\t\t<\/h2>\n\t\t\t\t\t\t<\/div>\n\t\t\t\t<\/div>\n\t\t\t\t<div class=\"elementor-element elementor-element-13d4402 elementor-widget__width-initial elementor-hidden-desktop elementor-hidden-tablet elementor-hidden-mobile elementor-widget elementor-widget-text-editor\" data-id=\"13d4402\" data-element_type=\"widget\" data-e-type=\"widget\" data-widget_type=\"text-editor.default\">\n\t\t\t\t<div class=\"elementor-widget-container\">\n\t\t\t\t\t\t\t\t\t<h2>1. Allgemeine Gesch\u00e4ftsbedingungen<\/h2><p>Durch den Zugriff auf diese Website, \u00fcber <span style=\"color: #1765a8;\"><a style=\"color: #1765a8;\" href=\"https:\/\/ocean-ad-ventures.com\/de\/\">https:\/\/ocean-ad-ventures.com\/<\/a><\/span>\/ stimmst du zu, an die in diesen Website-Nutzungsbedingungen festgelegten Bedingungen gebunden zu sein und erkl\u00e4rst dich damit einverstanden, die Verantwortung f\u00fcr die Einhaltung aller geltenden lokalen Gesetze zu \u00fcbernehmen. Wenn du mit einer dieser Bedingungen nicht einverstanden bist, ist dir der Zugriff auf diese Seite untersagt. Die auf dieser Website enthaltenen Materialien sind durch Urheberrechts- und Markenrecht gesch\u00fctzt.<\/p><h2>2. Nutzungsrechte<\/h2><p>Es wird die Erlaubnis erteilt, eine Kopie der Materialien auf der Website von Ocean Ad Ventures vor\u00fcbergehend f\u00fcr den pers\u00f6nlichen, nicht-kommerziellen, tempor\u00e4ren Gebrauch herunterzuladen. Dies stellt die Gew\u00e4hrung einer Lizenz dar, jedoch keinen Eigentumserwerb. Unter dieser Lizenz darfst du nicht:<\/p><ul><li>Die Materialien modifizieren oder kopieren;<\/li><li>Versuchen, Software auf der Website von Ocean Ad Ventures zur\u00fcckzuentwickeln<\/li><li>Versuchen, Software, die auf der Website von Ocean Ad Ventures enthalten ist, zur\u00fcckzuentwickeln<\/li><li>Jegliche Copyright- oder andere Eigentumshinweise aus den Materialien entfernen<\/li><li>Die Materialien an eine andere Person weiterzugeben oder die Materialien auf einem anderen Server \u201espiegeln\u201c<\/li><\/ul><p>Dies erm\u00f6glicht es Ocean Ad Ventures, bei Verst\u00f6\u00dfen gegen eine dieser Einschr\u00e4nkungen die Nutzung zu beenden. Bei Beendigung erlischt auch dein Recht, die Website zu betrachten, und du solltest alle heruntergeladenen Materialien in deinem Besitz, sowohl in gedruckter als auch in elektronischer Form, vernichten. Diese Nutzungsbedingungen wurden mit Hilfe des Terms Of Service Generators erstellt. <a href=\"https:\/\/www.termsofservicegenerator.net\"><span style=\"color: #1765a8;\">Terms Of Service Generator<\/span><\/a>.<\/p><h2>3. Haftungsausschluss<\/h2><p>Alle Materialien auf der Website von Ocean Ad Ventures werden \u201ewie sie sind\u201c bereitgestellt. Ocean Ad Ventures \u00fcbernimmt keine Garantien, weder ausdr\u00fccklich noch stillschweigend, und schlie\u00dft alle anderen Garantien aus. Dar\u00fcber hinaus gibt Ocean Ad Ventures keine Zusicherungen hinsichtlich der Genauigkeit oder Zuverl\u00e4ssigkeit der Nutzung der Materialien auf seiner Website oder in Bezug auf solche Materialien oder auf Websites, die mit dieser Website verlinkt sind.<\/p><h2>4. Einschr\u00e4nkungen<\/h2><p>Ocean Ad Ventures oder seine Lieferanten haften nicht f\u00fcr Sch\u00e4den, die durch die Nutzung oder die Unf\u00e4higkeit zur Nutzung der Materialien auf der Website von Ocean Ad Ventures entstehen, auch wenn Ocean Ad Ventures oder ein autorisierter Vertreter dieser Website m\u00fcndlich oder schriftlich \u00fcber die M\u00f6glichkeit solcher Sch\u00e4den informiert wurde. In einigen Rechtsordnungen ist die Begrenzung von stillschweigenden Garantien oder Haftungsbeschr\u00e4nkungen f\u00fcr Folgesch\u00e4den nicht zul\u00e4ssig, daher gelten diese Einschr\u00e4nkungen m\u00f6glicherweise nicht f\u00fcr dich.<\/p><h2>5. \u00dcberarbeitungen und Fehler<\/h2><p>Die auf der Website von Ocean Ad Ventures erscheinenden Materialien k\u00f6nnen technische, typografische oder fotografische Fehler enthalten. Ocean Ad Ventures verspricht nicht, dass irgendwelche Materialien auf dieser Website genau, vollst\u00e4ndig oder aktuell sind. Ocean Ad Ventures kann die Materialien auf seiner Website jederzeit ohne Vorank\u00fcndigung \u00e4ndern. Ocean Ad Ventures \u00fcbernimmt keine Verpflichtung, die Materialien zu aktualisieren.<\/p><h2>6. Links<\/h2><p>Ocean Ad Ventures hat nicht alle Websites \u00fcberpr\u00fcft, die mit seiner Website verlinkt sind, und ist nicht verantwortlich f\u00fcr den Inhalt dieser verlinkten Seiten. Das Vorhandensein eines Links bedeutet nicht, dass Ocean Ad Ventures die Seite unterst\u00fctzt. Die Nutzung einer verlinkten Website erfolgt auf eigenes Risiko des Nutzers.<\/p><h2>7. \u00c4nderungen der Nutzungsbedingungen der Website<\/h2><p>Ocean Ad Ventures kann diese Nutzungsbedingungen f\u00fcr seine Website jederzeit ohne vorherige Ank\u00fcndigung \u00e4ndern. Durch die Nutzung dieser Website stimmst du zu, an die aktuelle Version dieser Nutzungsbedingungen gebunden zu sein.<\/p><h2>8. Deine Privatsph\u00e4re<\/h2><p>Bitte lese unsere\u00a0<span style=\"color: #1765a8;\"><a style=\"color: #1765a8;\" href=\"https:\/\/ocean-ad-ventures.com\/de\/privacy-policy\/\" target=\"_blank\" rel=\"noopener\">Datenschutzerkl\u00e4rung<\/a><\/span>.<\/p><h2>9. Anwendbares Recht<\/h2><p>Jegliche Anspr\u00fcche im Zusammenhang mit der Website von Ocean Ad Ventures unterliegen den Gesetzen von [Land] ohne Ber\u00fccksichtigung der kollisionsrechtlichen Bestimmungen.<\/p>\t\t\t\t\t\t\t\t<\/div>\n\t\t\t\t<\/div>\n\t\t\t\t\t<\/div>\n\t\t\t\t<\/div>\n\t\t\t\t<\/div>","protected":false},"excerpt":{"rendered":"<p>Impressum &amp; Privacy Policy Impressum Ocean Ad-Ventures Ocean Ad Ventures LTD ABM Chambers Columbus\u00a0 Center &#8211; Road Town Torrtola, VG 1110 British Virgin Islands Company number: BVI2083047 Phone: +34 663644078\u00a0 [&hellip;]<\/p>\n","protected":false},"author":3,"featured_media":9460,"parent":0,"menu_order":0,"comment_status":"closed","ping_status":"open","template":"","meta":{"footnotes":""},"class_list":["post-3","page","type-page","status-publish","has-post-thumbnail","hentry"],"yoast_head":"<!-- This site is optimized with the Yoast SEO Premium plugin v24.9 (Yoast SEO v27.0) - https:\/\/yoast.com\/product\/yoast-seo-premium-wordpress\/ -->\n<title>Ocean Ad Ventures | Privacy Policy<\/title>\n<meta name=\"description\" content=\"Learn about Ocean Ad-Ventures&#039; privacy practices and how we protect your data. Read our comprehensive Privacy Policy to understand your rights and our responsibilities.\" \/>\n<meta name=\"robots\" content=\"index, follow, max-snippet:-1, max-image-preview:large, max-video-preview:-1\" \/>\n<link rel=\"canonical\" href=\"https:\/\/ocean-ad-ventures.com\/de\/privacy-policy\/\" \/>\n<meta property=\"og:locale\" content=\"de_DE\" \/>\n<meta property=\"og:type\" content=\"article\" \/>\n<meta property=\"og:title\" content=\"Privacy Policy\" \/>\n<meta property=\"og:description\" content=\"Learn about Ocean Ad-Ventures&#039; privacy practices and how we protect your data. Read our comprehensive Privacy Policy to understand your rights and our responsibilities.\" \/>\n<meta property=\"og:url\" content=\"https:\/\/ocean-ad-ventures.com\/de\/privacy-policy\/\" \/>\n<meta property=\"og:site_name\" content=\"Ocean Ad Ventures\" \/>\n<meta property=\"article:modified_time\" content=\"2025-12-05T11:08:58+00:00\" \/>\n<meta property=\"og:image\" content=\"https:\/\/ocean-ad-ventures.com\/wp-content\/uploads\/2025\/05\/IMG-20250526-WA0008.jpg\" \/>\n\t<meta property=\"og:image:width\" content=\"1024\" \/>\n\t<meta property=\"og:image:height\" content=\"768\" \/>\n\t<meta property=\"og:image:type\" content=\"image\/jpeg\" \/>\n<meta name=\"twitter:card\" content=\"summary_large_image\" \/>\n<meta name=\"twitter:label1\" content=\"Gesch\u00e4tzte Lesezeit\" \/>\n\t<meta name=\"twitter:data1\" content=\"6\u00a0Minuten\" \/>\n<script type=\"application\/ld+json\" class=\"yoast-schema-graph\">{\"@context\":\"https:\/\/schema.org\",\"@graph\":[{\"@type\":\"WebPage\",\"@id\":\"https:\/\/ocean-ad-ventures.com\/privacy-policy\/\",\"url\":\"https:\/\/ocean-ad-ventures.com\/privacy-policy\/\",\"name\":\"Ocean Ad Ventures | Privacy Policy\",\"isPartOf\":{\"@id\":\"https:\/\/ocean-ad-ventures.com\/#website\"},\"primaryImageOfPage\":{\"@id\":\"https:\/\/ocean-ad-ventures.com\/privacy-policy\/#primaryimage\"},\"image\":{\"@id\":\"https:\/\/ocean-ad-ventures.com\/privacy-policy\/#primaryimage\"},\"thumbnailUrl\":\"https:\/\/ocean-ad-ventures.com\/wp-content\/uploads\/2025\/05\/IMG-20250526-WA0008.jpg\",\"datePublished\":\"2024-05-23T12:54:05+00:00\",\"dateModified\":\"2025-12-05T11:08:58+00:00\",\"description\":\"Learn about Ocean Ad-Ventures' privacy practices and how we protect your data. Read our comprehensive Privacy Policy to understand your rights and our responsibilities.\",\"breadcrumb\":{\"@id\":\"https:\/\/ocean-ad-ventures.com\/privacy-policy\/#breadcrumb\"},\"inLanguage\":\"de\",\"potentialAction\":[{\"@type\":\"ReadAction\",\"target\":[\"https:\/\/ocean-ad-ventures.com\/privacy-policy\/\"]}]},{\"@type\":\"ImageObject\",\"inLanguage\":\"de\",\"@id\":\"https:\/\/ocean-ad-ventures.com\/privacy-policy\/#primaryimage\",\"url\":\"https:\/\/ocean-ad-ventures.com\/wp-content\/uploads\/2025\/05\/IMG-20250526-WA0008.jpg\",\"contentUrl\":\"https:\/\/ocean-ad-ventures.com\/wp-content\/uploads\/2025\/05\/IMG-20250526-WA0008.jpg\",\"width\":1024,\"height\":768},{\"@type\":\"BreadcrumbList\",\"@id\":\"https:\/\/ocean-ad-ventures.com\/privacy-policy\/#breadcrumb\",\"itemListElement\":[{\"@type\":\"ListItem\",\"position\":1,\"name\":\"Home\",\"item\":\"https:\/\/ocean-ad-ventures.com\/\"},{\"@type\":\"ListItem\",\"position\":2,\"name\":\"Privacy Policy\"}]},{\"@type\":\"WebSite\",\"@id\":\"https:\/\/ocean-ad-ventures.com\/#website\",\"url\":\"https:\/\/ocean-ad-ventures.com\/\",\"name\":\"Ocean Ad Ventures\",\"description\":\"\",\"publisher\":{\"@id\":\"https:\/\/ocean-ad-ventures.com\/#organization\"},\"potentialAction\":[{\"@type\":\"SearchAction\",\"target\":{\"@type\":\"EntryPoint\",\"urlTemplate\":\"https:\/\/ocean-ad-ventures.com\/?s={search_term_string}\"},\"query-input\":{\"@type\":\"PropertyValueSpecification\",\"valueRequired\":true,\"valueName\":\"search_term_string\"}}],\"inLanguage\":\"de\"},{\"@type\":\"Organization\",\"@id\":\"https:\/\/ocean-ad-ventures.com\/#organization\",\"name\":\"Ocean Ad Ventures\",\"url\":\"https:\/\/ocean-ad-ventures.com\/\",\"logo\":{\"@type\":\"ImageObject\",\"inLanguage\":\"de\",\"@id\":\"https:\/\/ocean-ad-ventures.com\/#\/schema\/logo\/image\/\",\"url\":\"https:\/\/ocean-ad-ventures.com\/wp-content\/uploads\/2025\/04\/cropped-Logo-half.png\",\"contentUrl\":\"https:\/\/ocean-ad-ventures.com\/wp-content\/uploads\/2025\/04\/cropped-Logo-half.png\",\"width\":240,\"height\":240,\"caption\":\"Ocean Ad Ventures\"},\"image\":{\"@id\":\"https:\/\/ocean-ad-ventures.com\/#\/schema\/logo\/image\/\"}}]}<\/script>\n<!-- \/ Yoast SEO Premium plugin. -->","yoast_head_json":{"title":"Ocean Ad Ventures | Privacy Policy","description":"Learn about Ocean Ad-Ventures' privacy practices and how we protect your data. Read our comprehensive Privacy Policy to understand your rights and our responsibilities.","robots":{"index":"index","follow":"follow","max-snippet":"max-snippet:-1","max-image-preview":"max-image-preview:large","max-video-preview":"max-video-preview:-1"},"canonical":"https:\/\/ocean-ad-ventures.com\/de\/privacy-policy\/","og_locale":"de_DE","og_type":"article","og_title":"Privacy Policy","og_description":"Learn about Ocean Ad-Ventures' privacy practices and how we protect your data. Read our comprehensive Privacy Policy to understand your rights and our responsibilities.","og_url":"https:\/\/ocean-ad-ventures.com\/de\/privacy-policy\/","og_site_name":"Ocean Ad Ventures","article_modified_time":"2025-12-05T11:08:58+00:00","og_image":[{"width":1024,"height":768,"url":"https:\/\/ocean-ad-ventures.com\/wp-content\/uploads\/2025\/05\/IMG-20250526-WA0008.jpg","type":"image\/jpeg"}],"twitter_card":"summary_large_image","twitter_misc":{"Gesch\u00e4tzte Lesezeit":"6\u00a0Minuten"},"schema":{"@context":"https:\/\/schema.org","@graph":[{"@type":"WebPage","@id":"https:\/\/ocean-ad-ventures.com\/privacy-policy\/","url":"https:\/\/ocean-ad-ventures.com\/privacy-policy\/","name":"Ocean Ad Ventures | Privacy Policy","isPartOf":{"@id":"https:\/\/ocean-ad-ventures.com\/#website"},"primaryImageOfPage":{"@id":"https:\/\/ocean-ad-ventures.com\/privacy-policy\/#primaryimage"},"image":{"@id":"https:\/\/ocean-ad-ventures.com\/privacy-policy\/#primaryimage"},"thumbnailUrl":"https:\/\/ocean-ad-ventures.com\/wp-content\/uploads\/2025\/05\/IMG-20250526-WA0008.jpg","datePublished":"2024-05-23T12:54:05+00:00","dateModified":"2025-12-05T11:08:58+00:00","description":"Learn about Ocean Ad-Ventures' privacy practices and how we protect your data. Read our comprehensive Privacy Policy to understand your rights and our responsibilities.","breadcrumb":{"@id":"https:\/\/ocean-ad-ventures.com\/privacy-policy\/#breadcrumb"},"inLanguage":"de","potentialAction":[{"@type":"ReadAction","target":["https:\/\/ocean-ad-ventures.com\/privacy-policy\/"]}]},{"@type":"ImageObject","inLanguage":"de","@id":"https:\/\/ocean-ad-ventures.com\/privacy-policy\/#primaryimage","url":"https:\/\/ocean-ad-ventures.com\/wp-content\/uploads\/2025\/05\/IMG-20250526-WA0008.jpg","contentUrl":"https:\/\/ocean-ad-ventures.com\/wp-content\/uploads\/2025\/05\/IMG-20250526-WA0008.jpg","width":1024,"height":768},{"@type":"BreadcrumbList","@id":"https:\/\/ocean-ad-ventures.com\/privacy-policy\/#breadcrumb","itemListElement":[{"@type":"ListItem","position":1,"name":"Home","item":"https:\/\/ocean-ad-ventures.com\/"},{"@type":"ListItem","position":2,"name":"Privacy Policy"}]},{"@type":"WebSite","@id":"https:\/\/ocean-ad-ventures.com\/#website","url":"https:\/\/ocean-ad-ventures.com\/","name":"Ocean Ad-Ventures","description":"","publisher":{"@id":"https:\/\/ocean-ad-ventures.com\/#organization"},"potentialAction":[{"@type":"SearchAction","target":{"@type":"EntryPoint","urlTemplate":"https:\/\/ocean-ad-ventures.com\/?s={search_term_string}"},"query-input":{"@type":"PropertyValueSpecification","valueRequired":true,"valueName":"search_term_string"}}],"inLanguage":"de"},{"@type":"Organization","@id":"https:\/\/ocean-ad-ventures.com\/#organization","name":"Ocean Ad-Ventures","url":"https:\/\/ocean-ad-ventures.com\/","logo":{"@type":"ImageObject","inLanguage":"de","@id":"https:\/\/ocean-ad-ventures.com\/#\/schema\/logo\/image\/","url":"https:\/\/ocean-ad-ventures.com\/wp-content\/uploads\/2025\/04\/cropped-Logo-half.png","contentUrl":"https:\/\/ocean-ad-ventures.com\/wp-content\/uploads\/2025\/04\/cropped-Logo-half.png","width":240,"height":240,"caption":"Ocean Ad Ventures"},"image":{"@id":"https:\/\/ocean-ad-ventures.com\/#\/schema\/logo\/image\/"}}]}},"_links":{"self":[{"href":"https:\/\/ocean-ad-ventures.com\/de\/wp-json\/wp\/v2\/pages\/3","targetHints":{"allow":["GET"]}}],"collection":[{"href":"https:\/\/ocean-ad-ventures.com\/de\/wp-json\/wp\/v2\/pages"}],"about":[{"href":"https:\/\/ocean-ad-ventures.com\/de\/wp-json\/wp\/v2\/types\/page"}],"author":[{"embeddable":true,"href":"https:\/\/ocean-ad-ventures.com\/de\/wp-json\/wp\/v2\/users\/3"}],"replies":[{"embeddable":true,"href":"https:\/\/ocean-ad-ventures.com\/de\/wp-json\/wp\/v2\/comments?post=3"}],"version-history":[{"count":120,"href":"https:\/\/ocean-ad-ventures.com\/de\/wp-json\/wp\/v2\/pages\/3\/revisions"}],"predecessor-version":[{"id":13027,"href":"https:\/\/ocean-ad-ventures.com\/de\/wp-json\/wp\/v2\/pages\/3\/revisions\/13027"}],"wp:featuredmedia":[{"embeddable":true,"href":"https:\/\/ocean-ad-ventures.com\/de\/wp-json\/wp\/v2\/media\/9460"}],"wp:attachment":[{"href":"https:\/\/ocean-ad-ventures.com\/de\/wp-json\/wp\/v2\/media?parent=3"}],"curies":[{"name":"wp","href":"https:\/\/api.w.org\/{rel}","templated":true}]}}